{"id":826,"date":"2021-12-03T11:50:50","date_gmt":"2021-12-03T10:50:50","guid":{"rendered":"https:\/\/gurtner.at\/partner\/"},"modified":"2022-05-16T08:39:58","modified_gmt":"2022-05-16T06:39:58","slug":"partner","status":"publish","type":"page","link":"https:\/\/gurtner.at\/en\/partner\/","title":{"rendered":"Partner&nbsp;"},"content":{"rendered":"<div class=\"wpb-content-wrapper\"><p>[vc_row][vc_column][vc_row_inner][vc_column_inner offset=&#8221;vc_hidden-sm vc_hidden-xs&#8221;][vc_empty_space height=&#8221;100&#8243;][\/vc_column_inner][\/vc_row_inner][vc_row_inner][vc_column_inner offset=&#8221;vc_hidden-lg vc_hidden-md&#8221;][vc_column_text]<\/p>\n<h2>PARTNER<\/h2>\n<p>[\/vc_column_text][\/vc_column_inner][\/vc_row_inner][\/vc_column][\/vc_row][vc_row][vc_column][vc_column_text]<\/p>\n<h3>We would like to express our sincere thanks to our strong partners:<\/h3>\n<p>[\/vc_column_text][\/vc_column][\/vc_row][vc_row][vc_column width=&#8221;1\/3&#8243;][vc_hoverbox image=&#8221;1043&#8243; primary_title=&#8221;&#8221; hover_title=&#8221;&#8221; shape=&#8221;square&#8221;]VDL Jansen<br \/>\nHarselaarseweg 32<br \/>\n3771 MB Barneveld<br \/>\nNiederlande<\/p>\n<p><a href=\"http:\/\/www.vdljansen.com\" target=\"_blank\" rel=\"noopener\">www.vdljansen.com<\/a>[\/vc_hoverbox][\/vc_column][vc_column width=&#8221;1\/3&#8243;][vc_hoverbox image=&#8221;760&#8243; primary_title=&#8221;&#8221; hover_title=&#8221;&#8221; shape=&#8221;square&#8221;]VDL Agrotech B.V.<br \/>\nHoevenweg 1<br \/>\n5652 AW\u00a0Eindhoven<br \/>\nNiederlande<\/p>\n<p><a href=\"https:\/\/www.vdlagrotech.de\/de\/home\" target=\"_blank\" rel=\"noopener\">www.vdlagrotech.de<\/a>[\/vc_hoverbox][\/vc_column][vc_column width=&#8221;1\/3&#8243;][vc_hoverbox image=&#8221;395&#8243; primary_title=&#8221;&#8221; hover_title=&#8221;&#8221; shape=&#8221;square&#8221;]Hotraco Agri BV<br \/>\nStationsstraat 142<br \/>\n5963 AC Hegelsom<br \/>\nNetherlands<\/p>\n<p><a href=\"https:\/\/www.hotraco-agri.com\/de\/\" target=\"_blank\" rel=\"noopener\">www.hotraco-agri.com<\/a>[\/vc_hoverbox][\/vc_column][\/vc_row][vc_row][vc_column width=&#8221;1\/3&#8243;][vc_empty_space][\/vc_column][vc_column width=&#8221;1\/3&#8243;][vc_empty_space][\/vc_column][vc_column width=&#8221;1\/3&#8243;][vc_empty_space][\/vc_column][\/vc_row][vc_row][vc_column width=&#8221;1\/3&#8243;][vc_hoverbox image=&#8221;387&#8243; primary_title=&#8221;&#8221; hover_title=&#8221;&#8221; shape=&#8221;square&#8221;]KOVOBEL, v\u00fdrobn\u00ed dru\u017estvo<br \/>\nCihlarska 503<br \/>\n344 01 Domazlice<br \/>\nCzech Republic<\/p>\n<p><a href=\"https:\/\/www.kovobel.cz\/\" target=\"_blank\" rel=\"noopener\">www.kovobel.cz<\/a>[\/vc_hoverbox][\/vc_column][vc_column width=&#8221;1\/3&#8243;][vc_hoverbox image=&#8221;392&#8243; primary_title=&#8221;&#8221; hover_title=&#8221;&#8221; shape=&#8221;square&#8221;]Chore-Time Europe B.V.<br \/>\nIndustrieterrein 34<br \/>\n5981 NK Panningen<br \/>\nNetherlands<\/p>\n<p><a href=\"https:\/\/www.choretime.com\/\" target=\"_blank\" rel=\"noopener\">www.choretime.com<\/a>[\/vc_hoverbox][\/vc_column][vc_column width=&#8221;1\/3&#8243;][vc_hoverbox image=&#8221;391&#8243; primary_title=&#8221;&#8221; hover_title=&#8221;&#8221; shape=&#8221;square&#8221;]Reventa GmbH<br \/>\nIm Gewerbegebiet 3<br \/>\n48612 Horstmar<br \/>\nGermany<\/p>\n<p><a href=\"https:\/\/www.reventa.de\/de\/\" target=\"_blank\" rel=\"noopener\">www.reventa.de<\/a>[\/vc_hoverbox][\/vc_column][\/vc_row][vc_row][vc_column width=&#8221;1\/3&#8243;][vc_empty_space][\/vc_column][vc_column width=&#8221;1\/3&#8243;][vc_empty_space][\/vc_column][vc_column width=&#8221;1\/3&#8243;][vc_empty_space][\/vc_column][\/vc_row][vc_row][vc_column width=&#8221;1\/3&#8243;][vc_hoverbox image=&#8221;394&#8243; primary_title=&#8221;&#8221; hover_title=&#8221;&#8221; shape=&#8221;square&#8221;]Sperotto S.p.a.<br \/>\nVia Galvani, 6<br \/>\n36066 Sandrigo<br \/>\nItaly<\/p>\n<p><a href=\"https:\/\/www.sperotto-spa.com\/\" target=\"_blank\" rel=\"noopener\">www.sperotto-spa.com<\/a>[\/vc_hoverbox][\/vc_column][vc_column width=&#8221;1\/3&#8243;][vc_hoverbox image=&#8221;389&#8243; primary_title=&#8221;&#8221; hover_title=&#8221;&#8221; shape=&#8221;square&#8221;]Impex Barnevald B.V.<br \/>\nHarselaarseweg 129,<br \/>\n3771 MA Barneveld,<br \/>\nNetherlands<\/p>\n<p><a href=\"https:\/\/www.impex.nl\/nl\" target=\"_blank\" rel=\"noopener\">www.impex.nl<\/a>[\/vc_hoverbox][\/vc_column][vc_column width=&#8221;1\/3&#8243;][vc_hoverbox image=&#8221;388&#8243; primary_title=&#8221;&#8221; hover_title=&#8221;&#8221; shape=&#8221;square&#8221;]V\u00f6lker GmbH<strong><br \/>\n<\/strong>Alter Flugplatz 34<br \/>\n49377 Vechta<br \/>\nGermany<\/p>\n<p><a href=\"http:\/\/www.voelker-gmbh.com\/\" target=\"_blank\" rel=\"noopener\">www.voelker-gmbh.com<\/a>[\/vc_hoverbox][\/vc_column][\/vc_row][vc_row][vc_column width=&#8221;1\/3&#8243;][vc_empty_space][\/vc_column][vc_column width=&#8221;1\/3&#8243;][vc_empty_space][\/vc_column][vc_column width=&#8221;1\/3&#8243;][vc_empty_space][\/vc_column][\/vc_row][vc_row][vc_column width=&#8221;1\/3&#8243;][vc_hoverbox image=&#8221;390&#8243; primary_title=&#8221;&#8221; hover_title=&#8221;&#8221; shape=&#8221;square&#8221;]Rivaselegg S.a.s. di Zampese Denis &amp; C.<br \/>\nvia delle Rogge 4,<br \/>\nMorsano al Tagliamento<br \/>\n33075, Pordenone<br \/>\nItaly<\/p>\n<p><a href=\"https:\/\/www.rivaselegg.com\/\" target=\"_blank\" rel=\"noopener\">www.rivaselegg.com<\/a>[\/vc_hoverbox][\/vc_column][vc_column width=&#8221;1\/3&#8243;][vc_hoverbox image=&#8221;529&#8243; primary_title=&#8221;&#8221; hover_title=&#8221;&#8221; shape=&#8221;square&#8221;]Signify Austria GmbH<br \/>\nEuro Plaza<br \/>\nKranichberggasse 4<br \/>\n1120 Wien<br \/>\nAustria<\/p>\n<p><a href=\"https:\/\/www.signify.com\/de-at\" target=\"_blank\" rel=\"noopener\">www.signify.com<\/a>[\/vc_hoverbox][\/vc_column][vc_column width=&#8221;1\/3&#8243;][vc_hoverbox image=&#8221;532&#8243; primary_title=&#8221;&#8221; hover_title=&#8221;&#8221; shape=&#8221;square&#8221;]Vostermans Ventilation B.V.<br \/>\nParlevinkerweg 54<br \/>\n5928 NV Venlo<br \/>\nNetherlands<\/p>\n<p><a href=\"https:\/\/www.vostermans.com\/de\/\" target=\"_blank\" rel=\"noopener\">www.vostermans.com<\/a>[\/vc_hoverbox][\/vc_column][\/vc_row][vc_row][vc_column width=&#8221;1\/3&#8243;][vc_empty_space][\/vc_column][vc_column width=&#8221;1\/3&#8243;][vc_empty_space][\/vc_column][vc_column width=&#8221;1\/3&#8243;][vc_empty_space][\/vc_column][\/vc_row][vc_row][vc_column width=&#8221;1\/3&#8243;][vc_hoverbox image=&#8221;530&#8243; primary_title=&#8221;&#8221; hover_title=&#8221;&#8221; shape=&#8221;square&#8221;]Tulderhof Ventilation BV<br \/>\nLooyenbeemd 10<br \/>\n5652 BH Eindhoven<br \/>\nNetherlands<\/p>\n<p><a href=\"https:\/\/www.tulderhof.com\/de\/\" target=\"_blank\" rel=\"noopener\">www.tulderhof.com<\/a>[\/vc_hoverbox][\/vc_column][vc_column width=&#8221;1\/3&#8243;][vc_hoverbox image=&#8221;528&#8243; primary_title=&#8221;&#8221; hover_title=&#8221;&#8221; shape=&#8221;square&#8221;]LOHMANN BREEDERS GMBH<strong><br \/>\n<\/strong>Am Seedeich 9 &#8211; 11<br \/>\n27472 Cuxhaven<br \/>\nGermany<\/p>\n<p><a href=\"https:\/\/lohmann-breeders.com\/\">www.lohmann-breeders.com<\/a>[\/vc_hoverbox][\/vc_column][vc_column width=&#8221;1\/3&#8243;][vc_hoverbox image=&#8221;542&#8243; primary_title=&#8221;&#8221; hover_title=&#8221;&#8221; shape=&#8221;square&#8221;]Eiermacher GmbH<strong><br \/>\n<\/strong>Krift 51<br \/>\n4550 Kremsm\u00fcnster<br \/>\nAustria<\/p>\n<p><a href=\"https:\/\/www.eiermacher.at\/\">www.eiermacher.at<\/a>[\/vc_hoverbox][\/vc_column][\/vc_row][vc_row][vc_column width=&#8221;1\/3&#8243;][vc_empty_space][\/vc_column][vc_column width=&#8221;1\/3&#8243;][vc_empty_space][\/vc_column][vc_column width=&#8221;1\/3&#8243;][vc_empty_space][\/vc_column][\/vc_row][vc_row][vc_column width=&#8221;1\/3&#8243;][vc_hoverbox image=&#8221;1052&#8243; primary_title=&#8221;&#8221; hover_title=&#8221;&#8221; shape=&#8221;square&#8221;]Multiheat-International B.V.<\/p>\n<p>Smederij 23<br \/>\n3371 MC\u00a0 Hardinxveld-Giessendam<br \/>\nThe Netherlands<\/p>\n<p><a href=\"http:\/\/www.multiheat-international.com\" target=\"_blank\" rel=\"noopener\">www.multiheat-international.com<\/a>[\/vc_hoverbox][\/vc_column][vc_column width=&#8221;1\/3&#8243;][\/vc_column][vc_column width=&#8221;1\/3&#8243;][\/vc_column][\/vc_row][vc_row][vc_column offset=&#8221;vc_hidden-lg vc_hidden-md&#8221;][vc_widget_sidebar show_bg=&#8221;false&#8221; sidebar_id=&#8221;sidebar_7&#8243;][vc_empty_space][\/vc_column][\/vc_row]<\/p>\n<\/div>","protected":false},"excerpt":{"rendered":"<p>[vc_row][vc_column][vc_row_inner][vc_column_inner offset=&#8221;vc_hidden-sm vc_hidden-xs&#8221;][vc_empty_space height=&#8221;100&#8243;][\/vc_column_inner][\/vc_row_inner][vc_row_inner][vc_column_inner offset=&#8221;vc_hidden-lg vc_hidden-md&#8221;][vc_column_text] PARTNER [\/vc_column_text][\/vc_column_inner][\/vc_row_inner][\/vc_column][\/vc_row][vc_row][vc_column][vc_column_text] We would like to express our sincere thanks to our strong partners: [\/vc_column_text][\/vc_column][\/vc_row][vc_row][vc_column width=&#8221;1\/3&#8243;][vc_hoverbox image=&#8221;1043&#8243; primary_title=&#8221;&#8221; hover_title=&#8221;&#8221; shape=&#8221;square&#8221;]VDL Jansen Harselaarseweg 32 3771 MB Barneveld Niederlande www.vdljansen.com[\/vc_hoverbox][\/vc_column][vc_column width=&#8221;1\/3&#8243;][vc_hoverbox image=&#8221;760&#8243; primary_title=&#8221;&#8221; hover_title=&#8221;&#8221; shape=&#8221;square&#8221;]VDL Agrotech B.V. Hoevenweg 1 5652 AW\u00a0Eindhoven Niederlande www.vdlagrotech.de[\/vc_hoverbox][\/vc_column][vc_column width=&#8221;1\/3&#8243;][vc_hoverbox image=&#8221;395&#8243; primary_title=&#8221;&#8221; hover_title=&#8221;&#8221; shape=&#8221;square&#8221;]Hotraco Agri BV Stationsstraat<\/p>\n","protected":false},"author":1,"featured_media":0,"parent":0,"menu_order":0,"comment_status":"closed","ping_status":"closed","template":"","meta":{"footnotes":""},"class_list":["post-826","page","type-page","status-publish","hentry","description-off"],"_links":{"self":[{"href":"https:\/\/gurtner.at\/en\/wp-json\/wp\/v2\/pages\/826","targetHints":{"allow":["GET"]}}],"collection":[{"href":"https:\/\/gurtner.at\/en\/wp-json\/wp\/v2\/pages"}],"about":[{"href":"https:\/\/gurtner.at\/en\/wp-json\/wp\/v2\/types\/page"}],"author":[{"embeddable":true,"href":"https:\/\/gurtner.at\/en\/wp-json\/wp\/v2\/users\/1"}],"replies":[{"embeddable":true,"href":"https:\/\/gurtner.at\/en\/wp-json\/wp\/v2\/comments?post=826"}],"version-history":[{"count":4,"href":"https:\/\/gurtner.at\/en\/wp-json\/wp\/v2\/pages\/826\/revisions"}],"predecessor-version":[{"id":872,"href":"https:\/\/gurtner.at\/en\/wp-json\/wp\/v2\/pages\/826\/revisions\/872"}],"wp:attachment":[{"href":"https:\/\/gurtner.at\/en\/wp-json\/wp\/v2\/media?parent=826"}],"curies":[{"name":"wp","href":"https:\/\/api.w.org\/{rel}","templated":true}]}}